{"id":7192,"date":"2024-11-08T11:31:18","date_gmt":"2024-11-08T09:31:18","guid":{"rendered":"https:\/\/maissen.com\/?page_id=7192"},"modified":"2024-11-08T11:32:50","modified_gmt":"2024-11-08T09:32:50","slug":"perfect-protection-for-valuable-timepieces","status":"publish","type":"page","link":"https:\/\/maissen.com\/en\/perfect-protection-for-valuable-timepieces\/","title":{"rendered":""},"content":{"rendered":"<div class=\"rx-image rx-component bg-white no-extra-padding-top no-extra-padding-bottom show-mobile-desktop\">\n    <div class=\"inner_wrapper large\">\n        <img decoding=\"async\" src=\"https:\/\/maissen.com\/wp-content\/uploads\/2024\/11\/Unknown.jpeg\"  class=\"img-desktop\" alt=\"\"\/>\n        <img decoding=\"async\" src=\"https:\/\/maissen.com\/wp-content\/uploads\/2024\/11\/Unknown-2.jpeg\" class=\"img-mobile\" alt=\"\"\/>\n    <\/div>\n<\/div>\n\n<div class=\"rx-textcomponent rx-component bg-white no-extra-padding-top no-extra-padding-bottom text_align_left text_style_defaut\">\n    <div class=\"inner_wrapper small\">\n        \n                    <h2 class=\"has-large-title-font-size\">Perfect Protection for Valuable Timepieces<\/h2>\n                \n                    <p>Die exklusiven Uhrenboxen von \u00abMy Watch Hotel\u00bb \u2013 luxuri\u00f6s, handgefertigt und aus massivem Holz, mit antireflektierendem und UV-gesch\u00fctztem Glas. W\u00e4hlbar aus drei edlen Kollektionen: Barcelona in hellem Holz, Paris in gl\u00e4nzendem Nussbaum oder London mit einer stilvollen Holzkombination. Stilvoller und individueller Schutz f\u00fcr wertvolle Uhren \u2013 jetzt auch bei Maissen.<\/p>\n                \n            <\/div>\n<\/div>\n\n","protected":false},"excerpt":{"rendered":"","protected":false},"author":1,"featured_media":0,"parent":0,"menu_order":0,"comment_status":"closed","ping_status":"closed","template":"","meta":{"footnotes":""},"class_list":["post-7192","page","type-page","status-publish","hentry"],"yoast_head":"<!-- This site is optimized with the Yoast SEO plugin v26.1.1 - https:\/\/yoast.com\/wordpress\/plugins\/seo\/ -->\n<title>&#8211; Maissen Klosters AG<\/title>\n<meta name=\"robots\" content=\"index, follow, max-snippet:-1, max-image-preview:large, max-video-preview:-1\" \/>\n<link rel=\"canonical\" href=\"https:\/\/maissen.com\/en\/perfect-protection-for-valuable-timepieces\/\" \/>\n<meta property=\"og:locale\" content=\"en_US\" \/>\n<meta property=\"og:type\" content=\"article\" \/>\n<meta property=\"og:title\" content=\"&#8211; Maissen Klosters AG\" \/>\n<meta property=\"og:url\" content=\"https:\/\/maissen.com\/en\/perfect-protection-for-valuable-timepieces\/\" \/>\n<meta property=\"og:site_name\" content=\"Maissen Klosters AG\" \/>\n<meta property=\"article:modified_time\" content=\"2024-11-08T09:32:50+00:00\" \/>\n<meta name=\"twitter:card\" content=\"summary_large_image\" \/>\n<script type=\"application\/ld+json\" class=\"yoast-schema-graph\">{\"@context\":\"https:\/\/schema.org\",\"@graph\":[{\"@type\":\"WebPage\",\"@id\":\"https:\/\/maissen.com\/en\/perfect-protection-for-valuable-timepieces\/\",\"url\":\"https:\/\/maissen.com\/en\/perfect-protection-for-valuable-timepieces\/\",\"name\":\"&#8211; Maissen Klosters AG\",\"isPartOf\":{\"@id\":\"https:\/\/maissen.com\/#website\"},\"datePublished\":\"2024-11-08T09:31:18+00:00\",\"dateModified\":\"2024-11-08T09:32:50+00:00\",\"inLanguage\":\"en-US\",\"potentialAction\":[{\"@type\":\"ReadAction\",\"target\":[\"https:\/\/maissen.com\/en\/perfect-protection-for-valuable-timepieces\/\"]}]},{\"@type\":\"WebSite\",\"@id\":\"https:\/\/maissen.com\/#website\",\"url\":\"https:\/\/maissen.com\/\",\"name\":\"Maissen Uhren & Schmuck\",\"description\":\"Uhren &amp; Schmuck\",\"publisher\":{\"@id\":\"https:\/\/maissen.com\/#organization\"},\"potentialAction\":[{\"@type\":\"SearchAction\",\"target\":{\"@type\":\"EntryPoint\",\"urlTemplate\":\"https:\/\/maissen.com\/?s={search_term_string}\"},\"query-input\":{\"@type\":\"PropertyValueSpecification\",\"valueRequired\":true,\"valueName\":\"search_term_string\"}}],\"inLanguage\":\"en-US\"},{\"@type\":\"Organization\",\"@id\":\"https:\/\/maissen.com\/#organization\",\"name\":\"Maissen Kosters AG - Uhren & Schmuck\",\"url\":\"https:\/\/maissen.com\/\",\"logo\":{\"@type\":\"ImageObject\",\"inLanguage\":\"en-US\",\"@id\":\"https:\/\/maissen.com\/#\/schema\/logo\/image\/\",\"url\":\"https:\/\/maissen.com\/wp-content\/uploads\/2020\/08\/Maissen_Logo_UhrenSchmuck_schwarz.svg\",\"contentUrl\":\"https:\/\/maissen.com\/wp-content\/uploads\/2020\/08\/Maissen_Logo_UhrenSchmuck_schwarz.svg\",\"width\":170,\"height\":56,\"caption\":\"Maissen Kosters AG - Uhren & Schmuck\"},\"image\":{\"@id\":\"https:\/\/maissen.com\/#\/schema\/logo\/image\/\"},\"sameAs\":[\"https:\/\/www.instagram.com\/maissenklostersag\/\",\"https:\/\/www.linkedin.com\/company\/maissen-klosters-ag\/\"]}]}<\/script>\n<!-- \/ Yoast SEO plugin. -->","yoast_head_json":{"title":"&#8211; Maissen Klosters AG","robots":{"index":"index","follow":"follow","max-snippet":"max-snippet:-1","max-image-preview":"max-image-preview:large","max-video-preview":"max-video-preview:-1"},"canonical":"https:\/\/maissen.com\/en\/perfect-protection-for-valuable-timepieces\/","og_locale":"en_US","og_type":"article","og_title":"&#8211; Maissen Klosters AG","og_url":"https:\/\/maissen.com\/en\/perfect-protection-for-valuable-timepieces\/","og_site_name":"Maissen Klosters AG","article_modified_time":"2024-11-08T09:32:50+00:00","twitter_card":"summary_large_image","schema":{"@context":"https:\/\/schema.org","@graph":[{"@type":"WebPage","@id":"https:\/\/maissen.com\/en\/perfect-protection-for-valuable-timepieces\/","url":"https:\/\/maissen.com\/en\/perfect-protection-for-valuable-timepieces\/","name":"&#8211; Maissen Klosters AG","isPartOf":{"@id":"https:\/\/maissen.com\/#website"},"datePublished":"2024-11-08T09:31:18+00:00","dateModified":"2024-11-08T09:32:50+00:00","inLanguage":"en-US","potentialAction":[{"@type":"ReadAction","target":["https:\/\/maissen.com\/en\/perfect-protection-for-valuable-timepieces\/"]}]},{"@type":"WebSite","@id":"https:\/\/maissen.com\/#website","url":"https:\/\/maissen.com\/","name":"Maissen Uhren & Schmuck","description":"Uhren &amp; Schmuck","publisher":{"@id":"https:\/\/maissen.com\/#organization"},"potentialAction":[{"@type":"SearchAction","target":{"@type":"EntryPoint","urlTemplate":"https:\/\/maissen.com\/?s={search_term_string}"},"query-input":{"@type":"PropertyValueSpecification","valueRequired":true,"valueName":"search_term_string"}}],"inLanguage":"en-US"},{"@type":"Organization","@id":"https:\/\/maissen.com\/#organization","name":"Maissen Kosters AG - Uhren & Schmuck","url":"https:\/\/maissen.com\/","logo":{"@type":"ImageObject","inLanguage":"en-US","@id":"https:\/\/maissen.com\/#\/schema\/logo\/image\/","url":"https:\/\/maissen.com\/wp-content\/uploads\/2020\/08\/Maissen_Logo_UhrenSchmuck_schwarz.svg","contentUrl":"https:\/\/maissen.com\/wp-content\/uploads\/2020\/08\/Maissen_Logo_UhrenSchmuck_schwarz.svg","width":170,"height":56,"caption":"Maissen Kosters AG - Uhren & Schmuck"},"image":{"@id":"https:\/\/maissen.com\/#\/schema\/logo\/image\/"},"sameAs":["https:\/\/www.instagram.com\/maissenklostersag\/","https:\/\/www.linkedin.com\/company\/maissen-klosters-ag\/"]}]}},"_links":{"self":[{"href":"https:\/\/maissen.com\/en\/wp-json\/wp\/v2\/pages\/7192","targetHints":{"allow":["GET"]}}],"collection":[{"href":"https:\/\/maissen.com\/en\/wp-json\/wp\/v2\/pages"}],"about":[{"href":"https:\/\/maissen.com\/en\/wp-json\/wp\/v2\/types\/page"}],"author":[{"embeddable":true,"href":"https:\/\/maissen.com\/en\/wp-json\/wp\/v2\/users\/1"}],"replies":[{"embeddable":true,"href":"https:\/\/maissen.com\/en\/wp-json\/wp\/v2\/comments?post=7192"}],"version-history":[{"count":4,"href":"https:\/\/maissen.com\/en\/wp-json\/wp\/v2\/pages\/7192\/revisions"}],"predecessor-version":[{"id":7200,"href":"https:\/\/maissen.com\/en\/wp-json\/wp\/v2\/pages\/7192\/revisions\/7200"}],"wp:attachment":[{"href":"https:\/\/maissen.com\/en\/wp-json\/wp\/v2\/media?parent=7192"}],"curies":[{"name":"wp","href":"https:\/\/api.w.org\/{rel}","templated":true}]}}